{"id":33,"date":"2015-01-21T13:25:43","date_gmt":"2015-01-21T13:25:43","guid":{"rendered":"http:\/\/heritagebourgogne.com\/en\/?page_id=33"},"modified":"2015-04-24T07:42:29","modified_gmt":"2015-04-24T07:42:29","slug":"heritage","status":"publish","type":"page","link":"http:\/\/heritagebourgogne.com\/en\/in-vezelay-since-1976\/heritage\/","title":{"rendered":"Heritage"},"content":{"rendered":"<p><span id=\"chapeau\">The hill of V\u00e9zelay<\/span> and its St. Magdalene basilica, masterpiece of Romanesque art and architecture, belong to the UNESCO World Heritage List.<\/p>\n<p>A Christian shrine since the Middle Ages, V\u00e9zelay owes its prosperity to the cult of relics of Mary Magdalene. The city, several thousand inhabitants strong at this time, became a point of departure for the pilgrimage to Santiago de Compostela in Spain. In 1146, St. Bernard preached the second crusade from here. Philip Augustus and Richard Lion Heart met in V\u00e9zelay before embarking on the third crusade in 1190. The first Franciscan convent in France was established here in 1217.<\/p>\n<p>From the 13th century, the city suffered a period of decline, until its rediscovery by Prosper M\u00e9rim\u00e9e and Eug\u00e8ne Viollet-le-Duc in the 19th century. The latter restored St. Magdalene basilica, which is now one of the finest Romanesque buildings in the world with its proportions, its tympanum and carved capitals. Every summer solstice, the sun traces a &#8220;path of light&#8221; in the center of the nave.<\/p>\n<p style=\"text-align: center;\"><a href=\"http:\/\/bourgognevinsfins.com\/wp-content\/uploads\/2014\/09\/terrassse1.jpg\"><img loading=\"lazy\" decoding=\"async\" class=\"alignnone size-thumbnail wp-image-280\" src=\"http:\/\/bourgognevinsfins.com\/wp-content\/uploads\/2014\/09\/terrassse1-150x150.jpg\" alt=\"Les plus beaux villages de France: V\u00e9zelay\" width=\"150\" height=\"150\" \/><\/a>\u00a0 \u00a0 \u00a0<a href=\"http:\/\/bourgognevinsfins.com\/wp-content\/uploads\/2014\/09\/nefsoleil.jpg\"><img loading=\"lazy\" decoding=\"async\" class=\"alignnone size-thumbnail wp-image-267\" src=\"http:\/\/bourgognevinsfins.com\/wp-content\/uploads\/2014\/09\/nefsoleil-150x150.jpg\" alt=\"nefsoleil\" width=\"150\" height=\"150\" \/><\/a>\u00a0 \u00a0 \u00a0<a href=\"http:\/\/bourgognevinsfins.com\/wp-content\/uploads\/2014\/09\/Vezelay7-e1411591231386.jpg\"><img loading=\"lazy\" decoding=\"async\" class=\"size-thumbnail wp-image-271\" src=\"http:\/\/bourgognevinsfins.com\/wp-content\/uploads\/2014\/09\/Vezelay7-e1411591231386-150x150.jpg\" alt=\"Vezelay7\" width=\"150\" height=\"150\" data-id=\"271\" \/><\/a><\/p>\n<p style=\"text-align: left;\">Today, the village has kept its authentic charm with its medieval walls, gates and promenade. Ancient houses from the 15th to 17th century line the main street, which leads to the Basilica and the ancient castle terrace, from where the visitor discovers an unforgettable viewpoint of the surrounding countryside.<\/p>\n<p>The \u00ab\u00a0Eternal Hill\u00a0\u00bb has inspired many artists: Georges Bataille, Romain Rolland, Jules Roy, Mstislav Rostropovich, and Serge Gainsbourg among others.<\/p>\n<p>Our shop is located on the village\u2019s main street. It takes about 2h30 to reach V\u00e9zelay from Paris or Lyon with the A6 highway.<\/p>\n<p>At rue Saint-Etienne No. 46, the &#8220;Heritage Bourgogne&#8221; shop offers a renewed selection of red and white wines from the best growers and terroirs of Burgundy.\u00a0Local\u00a0gourmet foods like cheeses, terrines, liquors, gingerbreads, mustards and jams are also offered, as well as\u00a0professional glassware (Schott Zwiesel, Chef &amp; Sommelier).<\/p>\n<p>The shop is open from 10 a.m. to 7 p.m., 7 days a week from March to October and during weekends the rest of the year.<\/p>\n<p style=\"text-align: center;\"><a href=\"http:\/\/bourgognevinsfins.com\/wp-content\/uploads\/2014\/09\/Rue1.jpg\"><img loading=\"lazy\" decoding=\"async\" class=\"alignnone size-thumbnail wp-image-283\" src=\"http:\/\/bourgognevinsfins.com\/wp-content\/uploads\/2014\/09\/Rue1-150x150.jpg\" alt=\"Rue\" width=\"150\" height=\"150\" \/><\/a>\u00a0 \u00a0 \u00a0<a href=\"http:\/\/bourgognevinsfins.com\/wp-content\/uploads\/2014\/09\/FACADE-STV.jpg\"><img loading=\"lazy\" decoding=\"async\" class=\"alignnone size-thumbnail wp-image-217\" src=\"http:\/\/bourgognevinsfins.com\/wp-content\/uploads\/2014\/09\/FACADE-STV-150x150.jpg\" alt=\"FACADE STV\" width=\"150\" height=\"150\" \/><\/a>\u00a0 \u00a0 \u00a0<a href=\"http:\/\/bourgognevinsfins.com\/wp-content\/uploads\/2014\/09\/STVINCENT.png\"><img loading=\"lazy\" decoding=\"async\" class=\"alignnone size-thumbnail wp-image-206\" src=\"http:\/\/bourgognevinsfins.com\/wp-content\/uploads\/2014\/09\/STVINCENT-150x150.png\" alt=\"STVINCENT\" width=\"150\" height=\"150\" \/><\/a><\/p>\n","protected":false},"excerpt":{"rendered":"<p>The hill of V\u00e9zelay and its St. Magdalene basilica, masterpiece of Romanesque art and architecture, belong to the UNESCO World Heritage List. A Christian shrine since the Middle Ages, V\u00e9zelay owes its prosperity to the cult of relics of Mary Magdalene. The city, several thousand inhabitants strong at this time, became a point of departure [&hellip;]<\/p>\n","protected":false},"author":1,"featured_media":0,"parent":29,"menu_order":2,"comment_status":"open","ping_status":"open","template":"sections.php","meta":{"footnotes":""},"class_list":["post-33","page","type-page","status-publish","hentry"],"_links":{"self":[{"href":"http:\/\/heritagebourgogne.com\/en\/wp-json\/wp\/v2\/pages\/33"}],"collection":[{"href":"http:\/\/heritagebourgogne.com\/en\/wp-json\/wp\/v2\/pages"}],"about":[{"href":"http:\/\/heritagebourgogne.com\/en\/wp-json\/wp\/v2\/types\/page"}],"author":[{"embeddable":true,"href":"http:\/\/heritagebourgogne.com\/en\/wp-json\/wp\/v2\/users\/1"}],"replies":[{"embeddable":true,"href":"http:\/\/heritagebourgogne.com\/en\/wp-json\/wp\/v2\/comments?post=33"}],"version-history":[{"count":7,"href":"http:\/\/heritagebourgogne.com\/en\/wp-json\/wp\/v2\/pages\/33\/revisions"}],"predecessor-version":[{"id":146,"href":"http:\/\/heritagebourgogne.com\/en\/wp-json\/wp\/v2\/pages\/33\/revisions\/146"}],"up":[{"embeddable":true,"href":"http:\/\/heritagebourgogne.com\/en\/wp-json\/wp\/v2\/pages\/29"}],"wp:attachment":[{"href":"http:\/\/heritagebourgogne.com\/en\/wp-json\/wp\/v2\/media?parent=33"}],"curies":[{"name":"wp","href":"https:\/\/api.w.org\/{rel}","templated":true}]}}